{"id":44,"date":"2010-12-06T09:13:23","date_gmt":"2010-12-06T09:13:23","guid":{"rendered":"http:\/\/objectif-mariage.ch\/joelle-steve\/"},"modified":"2010-12-06T09:17:28","modified_gmt":"2010-12-06T09:17:28","slug":"panoramiques","status":"publish","type":"page","link":"https:\/\/objectif-mariage.ch\/joelle-steve\/panoramiques\/","title":{"rendered":"Panoramiques"},"content":{"rendered":"<p>Ces photos panoramiques ont \u00e9t\u00e9 r\u00e9alis\u00e9es avec un appareil photo argentique (autrement dit, avec du film) XPAN.<br \/><!-- index.php -->\n<div\n\tclass=\"ngg-galleryoverview\n\t ngg-ajax-pagination-none\t\"\n\tid=\"ngg-gallery-c8940e2b34f3c69949205a4433d28998-1\">\n\n\t\t\t<!-- Thumbnails -->\n\t\t\t\t<div id=\"ngg-image-0\" class=\"ngg-gallery-thumbnail-box\" \n\t\t\t\t\t\t\t\t\t\t\t>\n\t\t\t\t\t\t<div class=\"ngg-gallery-thumbnail\">\n\t\t\t<a href=\"https:\/\/objectif-mariage.ch\/joelle-steve\/wp-content\/blogs.dir\/5\/files\/pano\/XPan0011.jpg\"\n\t\t\t\ttitle=\"\"\n\t\t\t\tdata-src=\"https:\/\/objectif-mariage.ch\/joelle-steve\/wp-content\/blogs.dir\/5\/files\/pano\/XPan0011.jpg\"\n\t\t\t\tdata-thumbnail=\"https:\/\/objectif-mariage.ch\/joelle-steve\/wp-content\/blogs.dir\/5\/files\/pano\/thumbs\/thumbs_XPan0011.jpg\"\n\t\t\t\tdata-image-id=\"218\"\n\t\t\t\tdata-title=\"XPan0011\"\n\t\t\t\tdata-description=\"\"\n\t\t\t\tdata-image-slug=\"\"\n\t\t\t\tclass=\"ngg-simplelightbox\" rel=\"c8940e2b34f3c69949205a4433d28998\">\n\t\t\t\t<img\n\t\t\t\t\ttitle=\"XPan0011\"\n\t\t\t\t\talt=\"XPan0011\"\n\t\t\t\t\tsrc=\"https:\/\/objectif-mariage.ch\/joelle-steve\/wp-content\/blogs.dir\/5\/files\/pano\/thumbs\/thumbs_XPan0011.jpg\"\n\t\t\t\t\twidth=\"150\"\n\t\t\t\t\theight=\"150\"\n\t\t\t\t\tstyle=\"max-width:100%;\"\n\t\t\t\t\/>\n\t\t\t<\/a>\n\t\t<\/div>\n\t\t\t\t\t\t\t<\/div> \n\t\t\t\n\t\t\n\t\t\t\t<div id=\"ngg-image-1\" class=\"ngg-gallery-thumbnail-box\" \n\t\t\t\t\t\t\t\t\t\t\t>\n\t\t\t\t\t\t<div class=\"ngg-gallery-thumbnail\">\n\t\t\t<a href=\"https:\/\/objectif-mariage.ch\/joelle-steve\/wp-content\/blogs.dir\/5\/files\/pano\/XPan0016.jpg\"\n\t\t\t\ttitle=\"\"\n\t\t\t\tdata-src=\"https:\/\/objectif-mariage.ch\/joelle-steve\/wp-content\/blogs.dir\/5\/files\/pano\/XPan0016.jpg\"\n\t\t\t\tdata-thumbnail=\"https:\/\/objectif-mariage.ch\/joelle-steve\/wp-content\/blogs.dir\/5\/files\/pano\/thumbs\/thumbs_XPan0016.jpg\"\n\t\t\t\tdata-image-id=\"219\"\n\t\t\t\tdata-title=\"XPan0016\"\n\t\t\t\tdata-description=\"\"\n\t\t\t\tdata-image-slug=\"\"\n\t\t\t\tclass=\"ngg-simplelightbox\" rel=\"c8940e2b34f3c69949205a4433d28998\">\n\t\t\t\t<img\n\t\t\t\t\ttitle=\"XPan0016\"\n\t\t\t\t\talt=\"XPan0016\"\n\t\t\t\t\tsrc=\"https:\/\/objectif-mariage.ch\/joelle-steve\/wp-content\/blogs.dir\/5\/files\/pano\/thumbs\/thumbs_XPan0016.jpg\"\n\t\t\t\t\twidth=\"150\"\n\t\t\t\t\theight=\"150\"\n\t\t\t\t\tstyle=\"max-width:100%;\"\n\t\t\t\t\/>\n\t\t\t<\/a>\n\t\t<\/div>\n\t\t\t\t\t\t\t<\/div> \n\t\t\t\n\t\t\n\t\t\t\t<div id=\"ngg-image-2\" class=\"ngg-gallery-thumbnail-box\" \n\t\t\t\t\t\t\t\t\t\t\t>\n\t\t\t\t\t\t<div class=\"ngg-gallery-thumbnail\">\n\t\t\t<a href=\"https:\/\/objectif-mariage.ch\/joelle-steve\/wp-content\/blogs.dir\/5\/files\/pano\/XPan0021.jpg\"\n\t\t\t\ttitle=\"\"\n\t\t\t\tdata-src=\"https:\/\/objectif-mariage.ch\/joelle-steve\/wp-content\/blogs.dir\/5\/files\/pano\/XPan0021.jpg\"\n\t\t\t\tdata-thumbnail=\"https:\/\/objectif-mariage.ch\/joelle-steve\/wp-content\/blogs.dir\/5\/files\/pano\/thumbs\/thumbs_XPan0021.jpg\"\n\t\t\t\tdata-image-id=\"220\"\n\t\t\t\tdata-title=\"XPan0021\"\n\t\t\t\tdata-description=\"\"\n\t\t\t\tdata-image-slug=\"\"\n\t\t\t\tclass=\"ngg-simplelightbox\" rel=\"c8940e2b34f3c69949205a4433d28998\">\n\t\t\t\t<img\n\t\t\t\t\ttitle=\"XPan0021\"\n\t\t\t\t\talt=\"XPan0021\"\n\t\t\t\t\tsrc=\"https:\/\/objectif-mariage.ch\/joelle-steve\/wp-content\/blogs.dir\/5\/files\/pano\/thumbs\/thumbs_XPan0021.jpg\"\n\t\t\t\t\twidth=\"150\"\n\t\t\t\t\theight=\"150\"\n\t\t\t\t\tstyle=\"max-width:100%;\"\n\t\t\t\t\/>\n\t\t\t<\/a>\n\t\t<\/div>\n\t\t\t\t\t\t\t<\/div> \n\t\t\t\n\t\t\n\t\t\t\t<div id=\"ngg-image-3\" class=\"ngg-gallery-thumbnail-box\" \n\t\t\t\t\t\t\t\t\t\t\t>\n\t\t\t\t\t\t<div class=\"ngg-gallery-thumbnail\">\n\t\t\t<a href=\"https:\/\/objectif-mariage.ch\/joelle-steve\/wp-content\/blogs.dir\/5\/files\/pano\/XPan0025.jpg\"\n\t\t\t\ttitle=\"\"\n\t\t\t\tdata-src=\"https:\/\/objectif-mariage.ch\/joelle-steve\/wp-content\/blogs.dir\/5\/files\/pano\/XPan0025.jpg\"\n\t\t\t\tdata-thumbnail=\"https:\/\/objectif-mariage.ch\/joelle-steve\/wp-content\/blogs.dir\/5\/files\/pano\/thumbs\/thumbs_XPan0025.jpg\"\n\t\t\t\tdata-image-id=\"221\"\n\t\t\t\tdata-title=\"XPan0025\"\n\t\t\t\tdata-description=\"\"\n\t\t\t\tdata-image-slug=\"\"\n\t\t\t\tclass=\"ngg-simplelightbox\" rel=\"c8940e2b34f3c69949205a4433d28998\">\n\t\t\t\t<img\n\t\t\t\t\ttitle=\"XPan0025\"\n\t\t\t\t\talt=\"XPan0025\"\n\t\t\t\t\tsrc=\"https:\/\/objectif-mariage.ch\/joelle-steve\/wp-content\/blogs.dir\/5\/files\/pano\/thumbs\/thumbs_XPan0025.jpg\"\n\t\t\t\t\twidth=\"150\"\n\t\t\t\t\theight=\"150\"\n\t\t\t\t\tstyle=\"max-width:100%;\"\n\t\t\t\t\/>\n\t\t\t<\/a>\n\t\t<\/div>\n\t\t\t\t\t\t\t<\/div> \n\t\t\t\n\t\t\n\t\t\t\t<div id=\"ngg-image-4\" class=\"ngg-gallery-thumbnail-box\" \n\t\t\t\t\t\t\t\t\t\t\t>\n\t\t\t\t\t\t<div class=\"ngg-gallery-thumbnail\">\n\t\t\t<a href=\"https:\/\/objectif-mariage.ch\/joelle-steve\/wp-content\/blogs.dir\/5\/files\/pano\/XPan0026.jpg\"\n\t\t\t\ttitle=\"\"\n\t\t\t\tdata-src=\"https:\/\/objectif-mariage.ch\/joelle-steve\/wp-content\/blogs.dir\/5\/files\/pano\/XPan0026.jpg\"\n\t\t\t\tdata-thumbnail=\"https:\/\/objectif-mariage.ch\/joelle-steve\/wp-content\/blogs.dir\/5\/files\/pano\/thumbs\/thumbs_XPan0026.jpg\"\n\t\t\t\tdata-image-id=\"222\"\n\t\t\t\tdata-title=\"XPan0026\"\n\t\t\t\tdata-description=\"\"\n\t\t\t\tdata-image-slug=\"\"\n\t\t\t\tclass=\"ngg-simplelightbox\" rel=\"c8940e2b34f3c69949205a4433d28998\">\n\t\t\t\t<img\n\t\t\t\t\ttitle=\"XPan0026\"\n\t\t\t\t\talt=\"XPan0026\"\n\t\t\t\t\tsrc=\"https:\/\/objectif-mariage.ch\/joelle-steve\/wp-content\/blogs.dir\/5\/files\/pano\/thumbs\/thumbs_XPan0026.jpg\"\n\t\t\t\t\twidth=\"150\"\n\t\t\t\t\theight=\"150\"\n\t\t\t\t\tstyle=\"max-width:100%;\"\n\t\t\t\t\/>\n\t\t\t<\/a>\n\t\t<\/div>\n\t\t\t\t\t\t\t<\/div> \n\t\t\t\n\t\t\n\t\t\t\t<div id=\"ngg-image-5\" class=\"ngg-gallery-thumbnail-box\" \n\t\t\t\t\t\t\t\t\t\t\t>\n\t\t\t\t\t\t<div class=\"ngg-gallery-thumbnail\">\n\t\t\t<a href=\"https:\/\/objectif-mariage.ch\/joelle-steve\/wp-content\/blogs.dir\/5\/files\/pano\/XPan0028.jpg\"\n\t\t\t\ttitle=\"\"\n\t\t\t\tdata-src=\"https:\/\/objectif-mariage.ch\/joelle-steve\/wp-content\/blogs.dir\/5\/files\/pano\/XPan0028.jpg\"\n\t\t\t\tdata-thumbnail=\"https:\/\/objectif-mariage.ch\/joelle-steve\/wp-content\/blogs.dir\/5\/files\/pano\/thumbs\/thumbs_XPan0028.jpg\"\n\t\t\t\tdata-image-id=\"223\"\n\t\t\t\tdata-title=\"XPan0028\"\n\t\t\t\tdata-description=\"\"\n\t\t\t\tdata-image-slug=\"\"\n\t\t\t\tclass=\"ngg-simplelightbox\" rel=\"c8940e2b34f3c69949205a4433d28998\">\n\t\t\t\t<img\n\t\t\t\t\ttitle=\"XPan0028\"\n\t\t\t\t\talt=\"XPan0028\"\n\t\t\t\t\tsrc=\"https:\/\/objectif-mariage.ch\/joelle-steve\/wp-content\/blogs.dir\/5\/files\/pano\/thumbs\/thumbs_XPan0028.jpg\"\n\t\t\t\t\twidth=\"150\"\n\t\t\t\t\theight=\"150\"\n\t\t\t\t\tstyle=\"max-width:100%;\"\n\t\t\t\t\/>\n\t\t\t<\/a>\n\t\t<\/div>\n\t\t\t\t\t\t\t<\/div> \n\t\t\t\n\t\t\n\t\t\t\t<div id=\"ngg-image-6\" class=\"ngg-gallery-thumbnail-box\" \n\t\t\t\t\t\t\t\t\t\t\t>\n\t\t\t\t\t\t<div class=\"ngg-gallery-thumbnail\">\n\t\t\t<a href=\"https:\/\/objectif-mariage.ch\/joelle-steve\/wp-content\/blogs.dir\/5\/files\/pano\/XPan0032.jpg\"\n\t\t\t\ttitle=\"\"\n\t\t\t\tdata-src=\"https:\/\/objectif-mariage.ch\/joelle-steve\/wp-content\/blogs.dir\/5\/files\/pano\/XPan0032.jpg\"\n\t\t\t\tdata-thumbnail=\"https:\/\/objectif-mariage.ch\/joelle-steve\/wp-content\/blogs.dir\/5\/files\/pano\/thumbs\/thumbs_XPan0032.jpg\"\n\t\t\t\tdata-image-id=\"224\"\n\t\t\t\tdata-title=\"XPan0032\"\n\t\t\t\tdata-description=\"\"\n\t\t\t\tdata-image-slug=\"\"\n\t\t\t\tclass=\"ngg-simplelightbox\" rel=\"c8940e2b34f3c69949205a4433d28998\">\n\t\t\t\t<img\n\t\t\t\t\ttitle=\"XPan0032\"\n\t\t\t\t\talt=\"XPan0032\"\n\t\t\t\t\tsrc=\"https:\/\/objectif-mariage.ch\/joelle-steve\/wp-content\/blogs.dir\/5\/files\/pano\/thumbs\/thumbs_XPan0032.jpg\"\n\t\t\t\t\twidth=\"150\"\n\t\t\t\t\theight=\"150\"\n\t\t\t\t\tstyle=\"max-width:100%;\"\n\t\t\t\t\/>\n\t\t\t<\/a>\n\t\t<\/div>\n\t\t\t\t\t\t\t<\/div> \n\t\t\t\n\t\t\n\t\t\t\t<div id=\"ngg-image-7\" class=\"ngg-gallery-thumbnail-box\" \n\t\t\t\t\t\t\t\t\t\t\t>\n\t\t\t\t\t\t<div class=\"ngg-gallery-thumbnail\">\n\t\t\t<a href=\"https:\/\/objectif-mariage.ch\/joelle-steve\/wp-content\/blogs.dir\/5\/files\/pano\/XPan0036.jpg\"\n\t\t\t\ttitle=\"\"\n\t\t\t\tdata-src=\"https:\/\/objectif-mariage.ch\/joelle-steve\/wp-content\/blogs.dir\/5\/files\/pano\/XPan0036.jpg\"\n\t\t\t\tdata-thumbnail=\"https:\/\/objectif-mariage.ch\/joelle-steve\/wp-content\/blogs.dir\/5\/files\/pano\/thumbs\/thumbs_XPan0036.jpg\"\n\t\t\t\tdata-image-id=\"225\"\n\t\t\t\tdata-title=\"XPan0036\"\n\t\t\t\tdata-description=\"\"\n\t\t\t\tdata-image-slug=\"\"\n\t\t\t\tclass=\"ngg-simplelightbox\" rel=\"c8940e2b34f3c69949205a4433d28998\">\n\t\t\t\t<img\n\t\t\t\t\ttitle=\"XPan0036\"\n\t\t\t\t\talt=\"XPan0036\"\n\t\t\t\t\tsrc=\"https:\/\/objectif-mariage.ch\/joelle-steve\/wp-content\/blogs.dir\/5\/files\/pano\/thumbs\/thumbs_XPan0036.jpg\"\n\t\t\t\t\twidth=\"150\"\n\t\t\t\t\theight=\"150\"\n\t\t\t\t\tstyle=\"max-width:100%;\"\n\t\t\t\t\/>\n\t\t\t<\/a>\n\t\t<\/div>\n\t\t\t\t\t\t\t<\/div> \n\t\t\t\n\t\t\n\t\t\t\t<div id=\"ngg-image-8\" class=\"ngg-gallery-thumbnail-box\" \n\t\t\t\t\t\t\t\t\t\t\t>\n\t\t\t\t\t\t<div class=\"ngg-gallery-thumbnail\">\n\t\t\t<a href=\"https:\/\/objectif-mariage.ch\/joelle-steve\/wp-content\/blogs.dir\/5\/files\/pano\/XPan0041.jpg\"\n\t\t\t\ttitle=\"\"\n\t\t\t\tdata-src=\"https:\/\/objectif-mariage.ch\/joelle-steve\/wp-content\/blogs.dir\/5\/files\/pano\/XPan0041.jpg\"\n\t\t\t\tdata-thumbnail=\"https:\/\/objectif-mariage.ch\/joelle-steve\/wp-content\/blogs.dir\/5\/files\/pano\/thumbs\/thumbs_XPan0041.jpg\"\n\t\t\t\tdata-image-id=\"226\"\n\t\t\t\tdata-title=\"XPan0041\"\n\t\t\t\tdata-description=\"\"\n\t\t\t\tdata-image-slug=\"\"\n\t\t\t\tclass=\"ngg-simplelightbox\" rel=\"c8940e2b34f3c69949205a4433d28998\">\n\t\t\t\t<img\n\t\t\t\t\ttitle=\"XPan0041\"\n\t\t\t\t\talt=\"XPan0041\"\n\t\t\t\t\tsrc=\"https:\/\/objectif-mariage.ch\/joelle-steve\/wp-content\/blogs.dir\/5\/files\/pano\/thumbs\/thumbs_XPan0041.jpg\"\n\t\t\t\t\twidth=\"150\"\n\t\t\t\t\theight=\"150\"\n\t\t\t\t\tstyle=\"max-width:100%;\"\n\t\t\t\t\/>\n\t\t\t<\/a>\n\t\t<\/div>\n\t\t\t\t\t\t\t<\/div> \n\t\t\t\n\t\t\n\t\t\n\t\t<div class=\"ngg-clear\"><\/div>\n\t<\/div>\n\n","protected":false},"excerpt":{"rendered":"<p>Ces photos panoramiques ont \u00e9t\u00e9 r\u00e9alis\u00e9es avec un appareil photo argentique (autrement dit, avec du film) XPAN.<\/p>\n","protected":false},"author":1,"featured_media":0,"parent":0,"menu_order":0,"comment_status":"open","ping_status":"open","template":"","meta":{"ngg_post_thumbnail":0,"footnotes":""},"aioseo_notices":[],"_links":{"self":[{"href":"https:\/\/objectif-mariage.ch\/joelle-steve\/wp-json\/wp\/v2\/pages\/44"}],"collection":[{"href":"https:\/\/objectif-mariage.ch\/joelle-steve\/wp-json\/wp\/v2\/pages"}],"about":[{"href":"https:\/\/objectif-mariage.ch\/joelle-steve\/wp-json\/wp\/v2\/types\/page"}],"author":[{"embeddable":true,"href":"https:\/\/objectif-mariage.ch\/joelle-steve\/wp-json\/wp\/v2\/users\/1"}],"replies":[{"embeddable":true,"href":"https:\/\/objectif-mariage.ch\/joelle-steve\/wp-json\/wp\/v2\/comments?post=44"}],"version-history":[{"count":3,"href":"https:\/\/objectif-mariage.ch\/joelle-steve\/wp-json\/wp\/v2\/pages\/44\/revisions"}],"predecessor-version":[{"id":56,"href":"https:\/\/objectif-mariage.ch\/joelle-steve\/wp-json\/wp\/v2\/pages\/44\/revisions\/56"}],"wp:attachment":[{"href":"https:\/\/objectif-mariage.ch\/joelle-steve\/wp-json\/wp\/v2\/media?parent=44"}],"curies":[{"name":"wp","href":"https:\/\/api.w.org\/{rel}","templated":true}]}}